{"id":45,"date":"2020-07-17T15:48:04","date_gmt":"2020-07-17T13:48:04","guid":{"rendered":"http:\/\/apparthotel-reims-artdeco.com\/?page_id=45"},"modified":"2024-03-21T16:57:10","modified_gmt":"2024-03-21T15:57:10","slug":"art-deco-champagne-spa-2p","status":"publish","type":"page","link":"https:\/\/apparthotel-reims-artdeco.com\/?page_id=45","title":{"rendered":"Art D\u00e9co Champagne &#038; Spa 2p"},"content":{"rendered":"<style type=\"text\/css\">.easingslider-70 { width: 100%; }.easingslider-70 .easingslider-image { max-height: 800px; max-width: 1280px; }.easingslider-70 .easingslider-fade-in, .easingslider-fade-out { -webkit-animation-duration: 800ms; -moz-animation-duration: 800ms; animation-duration: 800ms; }<\/style><script type=\"text\/javascript\">window.EasingSlider70 = {\"width\":1280,\"height\":800,\"singleItem\":true,\"items\":1,\"itemsDesktop\":false,\"itemsDesktopSmall\":false,\"itemsTablet\":false,\"itemsTabletSmall\":false,\"itemsMobile\":false,\"responsive\":true,\"lazyLoad\":true,\"autoPlay\":4000,\"slideSpeed\":800,\"navigation\":true,\"navigationText\":[\"\",\"\"],\"pagination\":true,\"autoHeight\":false,\"mouseDrag\":false,\"touchDrag\":false,\"addClassActive\":true,\"transitionStyle\":false};<\/script><div data-id=\"70\" class=\"easingslider easingslider-70 easingslider-container easingslider-full-width easingslider-resizing-enabled easingslider-aspect-ratio easingslider-arrows-inside easingslider-pagination-inside easingslider-pagination-bottom-center\"><div class=\"easingslider-slide\"><img decoding=\"async\" src=\"https:\/\/apparthotel-reims-artdeco.com\/wp-content\/plugins\/easing-slider\/assets\/images\/placeholder-pixel.png\" data-src=\"https:\/\/apparthotel-reims-artdeco.com\/wp-content\/uploads\/2022\/05\/202200526-ChampagneSpa-21-AxelCoeuret-scaled-1280x800.jpg\" alt=\"\" title=\"\" class=\"easingslider-image easingslider-lazy\" \/><\/div><div class=\"easingslider-slide\"><img decoding=\"async\" src=\"https:\/\/apparthotel-reims-artdeco.com\/wp-content\/plugins\/easing-slider\/assets\/images\/placeholder-pixel.png\" data-src=\"https:\/\/apparthotel-reims-artdeco.com\/wp-content\/uploads\/2022\/05\/202200526-ChampagneSpa-11-AxelCoeuret1-scaled-1280x800.jpg\" alt=\"\" title=\"\" class=\"easingslider-image easingslider-lazy\" \/><\/div><div class=\"easingslider-slide\"><img decoding=\"async\" src=\"https:\/\/apparthotel-reims-artdeco.com\/wp-content\/plugins\/easing-slider\/assets\/images\/placeholder-pixel.png\" data-src=\"https:\/\/apparthotel-reims-artdeco.com\/wp-content\/uploads\/2022\/05\/202200526-ChampagneSpa-14-AxelCoeuret1-scaled-1280x800.jpg\" alt=\"\" title=\"\" class=\"easingslider-image easingslider-lazy\" \/><\/div><div class=\"easingslider-slide\"><img decoding=\"async\" src=\"https:\/\/apparthotel-reims-artdeco.com\/wp-content\/plugins\/easing-slider\/assets\/images\/placeholder-pixel.png\" data-src=\"https:\/\/apparthotel-reims-artdeco.com\/wp-content\/uploads\/2022\/05\/202200526-ChampagneSpa-04-AxelCoeuret-scaled-1280x800.jpg\" alt=\"\" title=\"\" class=\"easingslider-image easingslider-lazy\" \/><\/div><div class=\"easingslider-slide\"><img decoding=\"async\" src=\"https:\/\/apparthotel-reims-artdeco.com\/wp-content\/plugins\/easing-slider\/assets\/images\/placeholder-pixel.png\" data-src=\"https:\/\/apparthotel-reims-artdeco.com\/wp-content\/uploads\/2022\/05\/202200526-ChampagneSpa-34-AxelCoeuret-scaled-1280x800.jpg\" alt=\"\" title=\"\" class=\"easingslider-image easingslider-lazy\" \/><\/div><div class=\"easingslider-slide\"><img decoding=\"async\" src=\"https:\/\/apparthotel-reims-artdeco.com\/wp-content\/plugins\/easing-slider\/assets\/images\/placeholder-pixel.png\" data-src=\"https:\/\/apparthotel-reims-artdeco.com\/wp-content\/uploads\/2020\/07\/20200626-photographe-airbnb-nomade-photo-reims-22-1280x800.jpg\" alt=\"\" title=\"\" class=\"easingslider-image easingslider-lazy\" \/><\/div><div class=\"easingslider-slide\"><img decoding=\"async\" src=\"https:\/\/apparthotel-reims-artdeco.com\/wp-content\/plugins\/easing-slider\/assets\/images\/placeholder-pixel.png\" data-src=\"https:\/\/apparthotel-reims-artdeco.com\/wp-content\/uploads\/2022\/05\/202200526-ChampagneSpa-50-AxelCoeuret-scaled-1280x800.jpg\" alt=\"\" title=\"\" class=\"easingslider-image easingslider-lazy\" \/><\/div><div class=\"easingslider-slide\"><img decoding=\"async\" src=\"https:\/\/apparthotel-reims-artdeco.com\/wp-content\/plugins\/easing-slider\/assets\/images\/placeholder-pixel.png\" data-src=\"https:\/\/apparthotel-reims-artdeco.com\/wp-content\/uploads\/2022\/05\/202200526-ChampagneSpa-48-AxelCoeuret-scaled-1280x800.jpg\" alt=\"\" title=\"\" class=\"easingslider-image easingslider-lazy\" \/><\/div><div class=\"easingslider-slide\"><img decoding=\"async\" src=\"https:\/\/apparthotel-reims-artdeco.com\/wp-content\/plugins\/easing-slider\/assets\/images\/placeholder-pixel.png\" data-src=\"https:\/\/apparthotel-reims-artdeco.com\/wp-content\/uploads\/2022\/05\/202200526-ChampagneSpa-39-AxelCoeuret-scaled-1280x800.jpg\" alt=\"\" title=\"\" class=\"easingslider-image easingslider-lazy\" \/><\/div><div class=\"easingslider-slide\"><img decoding=\"async\" src=\"https:\/\/apparthotel-reims-artdeco.com\/wp-content\/plugins\/easing-slider\/assets\/images\/placeholder-pixel.png\" data-src=\"https:\/\/apparthotel-reims-artdeco.com\/wp-content\/uploads\/2022\/05\/202200526-ChampagneSpa-26-AxelCoeuret-scaled-1280x800.jpg\" alt=\"\" title=\"\" class=\"easingslider-image easingslider-lazy\" \/><\/div><div class=\"easingslider-slide\"><img decoding=\"async\" src=\"https:\/\/apparthotel-reims-artdeco.com\/wp-content\/plugins\/easing-slider\/assets\/images\/placeholder-pixel.png\" data-src=\"https:\/\/apparthotel-reims-artdeco.com\/wp-content\/uploads\/2022\/05\/202200526-ChampagneSpa-08-AxelCoeuret1-scaled-1280x800.jpg\" alt=\"\" title=\"\" class=\"easingslider-image easingslider-lazy\" \/><\/div><div class=\"easingslider-slide\"><img decoding=\"async\" src=\"https:\/\/apparthotel-reims-artdeco.com\/wp-content\/plugins\/easing-slider\/assets\/images\/placeholder-pixel.png\" data-src=\"https:\/\/apparthotel-reims-artdeco.com\/wp-content\/uploads\/2022\/05\/202200526-ChampagneSpa-12-AxelCoeuret-scaled-1280x800.jpg\" alt=\"\" title=\"\" class=\"easingslider-image easingslider-lazy\" \/><\/div><div class=\"easingslider-slide\"><img decoding=\"async\" src=\"https:\/\/apparthotel-reims-artdeco.com\/wp-content\/plugins\/easing-slider\/assets\/images\/placeholder-pixel.png\" data-src=\"https:\/\/apparthotel-reims-artdeco.com\/wp-content\/uploads\/2022\/05\/202200526-ChampagneSpa-52-AxelCoeuret-scaled-1280x800.jpg\" alt=\"\" title=\"\" class=\"easingslider-image easingslider-lazy\" \/><\/div><div class=\"easingslider-slide\"><img decoding=\"async\" src=\"https:\/\/apparthotel-reims-artdeco.com\/wp-content\/plugins\/easing-slider\/assets\/images\/placeholder-pixel.png\" data-src=\"https:\/\/apparthotel-reims-artdeco.com\/wp-content\/uploads\/2022\/05\/202200526-ChampagneSpa-37-AxelCoeuret-scaled-1280x800.jpg\" alt=\"\" title=\"\" class=\"easingslider-image easingslider-lazy\" \/><\/div><div class=\"easingslider-slide\"><img decoding=\"async\" src=\"https:\/\/apparthotel-reims-artdeco.com\/wp-content\/plugins\/easing-slider\/assets\/images\/placeholder-pixel.png\" data-src=\"https:\/\/apparthotel-reims-artdeco.com\/wp-content\/uploads\/2022\/05\/202200526-ChampagneSpa-19-AxelCoeuret-scaled-1280x800.jpg\" alt=\"\" title=\"\" class=\"easingslider-image easingslider-lazy\" \/><\/div><div class=\"easingslider-slide\"><img decoding=\"async\" src=\"https:\/\/apparthotel-reims-artdeco.com\/wp-content\/plugins\/easing-slider\/assets\/images\/placeholder-pixel.png\" data-src=\"https:\/\/apparthotel-reims-artdeco.com\/wp-content\/uploads\/2022\/05\/202200526-ChampagneSpa-43-AxelCoeuret-scaled-1280x800.jpg\" alt=\"\" title=\"\" class=\"easingslider-image easingslider-lazy\" \/><\/div><div class=\"easingslider-slide\"><img decoding=\"async\" src=\"https:\/\/apparthotel-reims-artdeco.com\/wp-content\/plugins\/easing-slider\/assets\/images\/placeholder-pixel.png\" data-src=\"https:\/\/apparthotel-reims-artdeco.com\/wp-content\/uploads\/2020\/07\/20200626-photographe-airbnb-nomade-photo-reims-23-1280x800.jpg\" alt=\"\" title=\"\" class=\"easingslider-image easingslider-lazy\" \/><\/div><div class=\"easingslider-slide\"><img decoding=\"async\" src=\"https:\/\/apparthotel-reims-artdeco.com\/wp-content\/plugins\/easing-slider\/assets\/images\/placeholder-pixel.png\" data-src=\"https:\/\/apparthotel-reims-artdeco.com\/wp-content\/uploads\/2022\/05\/202200526-ChampagneSpa-36-AxelCoeuret-scaled-1280x800.jpg\" alt=\"\" title=\"\" class=\"easingslider-image easingslider-lazy\" \/><\/div><div class=\"easingslider-slide\"><img decoding=\"async\" src=\"https:\/\/apparthotel-reims-artdeco.com\/wp-content\/plugins\/easing-slider\/assets\/images\/placeholder-pixel.png\" data-src=\"https:\/\/apparthotel-reims-artdeco.com\/wp-content\/uploads\/2022\/05\/202200526-ChampagneSpa-28-AxelCoeuret-scaled-1280x800.jpg\" alt=\"\" title=\"\" class=\"easingslider-image easingslider-lazy\" \/><\/div><div class=\"easingslider-slide\"><img decoding=\"async\" src=\"https:\/\/apparthotel-reims-artdeco.com\/wp-content\/plugins\/easing-slider\/assets\/images\/placeholder-pixel.png\" data-src=\"https:\/\/apparthotel-reims-artdeco.com\/wp-content\/uploads\/2022\/05\/202200526-ChampagneSpa-24-AxelCoeuret-scaled-1280x800.jpg\" alt=\"\" title=\"\" class=\"easingslider-image easingslider-lazy\" \/><\/div><\/div>\n<p><!-- bookingWidget requires jQuery and jQueryUI --><br \/>\n<!-- Include the following line ONCE ONLY on the page, preferably in the document head --><br \/>\n<script src='https:\/\/media.xmlcal.com\/widget\/1.00\/js\/bookWidget.min.js'><\/script><\/p>\n<p><!-- Place this div on your page where you want the widget to show --><\/p>\n<div id=\"bookWidget-64381-115243-0-1595256665\"><\/div>\n<p><!-- The following will initialize the widget in the above div --><br \/>\n<script>\njQuery(document).ready(function() {\n\tjQuery('#bookWidget-64381-115243-0-1595256665').bookWidget({\n\t\tpropid:115243,\n\t\tdateFormat:'dd\/mm\/yy',\n\t\tdateSelection:2,\n\t\tdefaultNightsAdvance:1,\n\t\tdefaultNumAdult:4,\n\t\tdefaultNumNight:2,\n\t\tformAction:'https:\/\/beds24.com\/booking.php',\n\t\tformTarget:'bookingWindow',\n\t\tmaxAdult:4,\n\t\tpeopleSelection:1,\n\t\tweekFirstDay:1,\n\t\twidgetLang:'fr',\n\t\twidgetType:'BookingStrip'\n\t});\n});\n<\/script><\/p>\n<p>Les atouts du Art D\u00e9co Champagne &amp; Spa sont avant tout le Calme, le Bien-\u00eatre et le Confort. Cet appartement est id\u00e9alement situ\u00e9 en centre-ville dans une rue tr\u00e8s commer\u00e7ante \u00e0 quelques minutes \u00e0 pied de la cath\u00e9drale Notre Dame, du centre historique et des maisons de champagne. L&#8217;emplacement id\u00e9al pour vos vacances ou voyages d&rsquo;affaire. Les visites des caves et la d\u00e9gustation de champagne vous attendent !<\/p>\n<p>Vous serez \u00e0 coup s\u00fbr s\u00e9duit par mon charmant appartement enti\u00e8rement refait \u00e0 neuf avec sa grande baignoire baln\u00e9o (74 jets, grandes cascades, lumi\u00e8res et musique) son sauna infrarouge et sa terrasse. Id\u00e9alement situ\u00e9 en centre-ville. A proximit\u00e9 imm\u00e9diate, vous trouverez tous les commerces et restaurants dont vous pouvez avoir besoin. Que ce soit pour les loisirs ou vos voyages d&rsquo;affaire sa situation est l&rsquo;endroit id\u00e9al pour rayonner facilement sur l&rsquo;Hypercentre et pour d\u00e9guster du champagne. J&rsquo;ai essay\u00e9 de penser \u00e0 tout pour votre s\u00e9jour. Et pour vous accueillir nous avons laiss\u00e9 une demi-bouteille de champagne au frais ! (offerte)<\/p>\n<p><strong>Pratique\u00a0:<\/strong><\/p>\n<p>&#8211; Avant votre arriv\u00e9e nous vous envoyons notre guide personnel pour pr\u00e9parer au mieux votre visite, il retrace tous les aspects pratiques de votre s\u00e9jour (logement, commerces, bars restaurants, urgences&#8230;) ainsi qu&rsquo;un itin\u00e9raire conseill\u00e9 pour ne pas louper les \u00ab\u00a0essentiels\u00a0\u00bb de Reims.<\/p>\n<p>&#8211; Le guide de bienvenue disponible dans votre logement.<\/p>\n<p>&#8211; Bons plans pour d\u00e9couvrir Reims (Lieux \u00e0 ne pas manquer, Restos, Bars&#8230;)<\/p>\n<p>&#8211; Arriv\u00e9e entre 17h et 21h<\/p>\n<p>&#8211; D\u00e9part avant 11H30<\/p>\n<p><strong>Confort :<\/strong><\/p>\n<p>&#8211; La r\u00e9sidence est s\u00e9curis\u00e9e (porte d&rsquo;acc\u00e8s avec cl\u00e9)<\/p>\n<p>&#8211; Baignoire Baln\u00e9o\u00a0: Rectangulaire avec fonctions de massages, 74 jets (40 jets d\u2019eau, 28 jets d\u2019air et 6 petits jets LED) avec grandes cascades, r\u00e9chauffeur d\u2019eau, chromoth\u00e9rapie, musique Bluetooth.<\/p>\n<p>&#8211; Sauna Infrarouge\u00a0: De 40 \u00e0 60 degr\u00e9s avec une puissance totale de 2420 W, banquette et dossier design et ergonomique en bois massif de c\u00e8dre rouge, chromoth\u00e9rapie, musique Bluetooth.<\/p>\n<p>&#8211; Cuisine \u00e9quip\u00e9e (Micro-ondes, four grill, cafeti\u00e8re Nespresso \u00e0 dosettes (fournies), grille-pain, bouilloire (Th\u00e9 fourni), plaques de cuisson, casseroles, vaisselle&#8230; et fourni (Sel, Poivre, Huile)<\/p>\n<p>&#8211; Terrasse ext\u00e9rieure avec chaises, table et parasol<\/p>\n<p>&#8211; N\u00e9cessaire de toilette, produits de douche, S\u00e8che-cheveux.<\/p>\n<p>&#8211; Wifi<\/p>\n<p>&#8211; Smart TV HD<\/p>\n<p>&#8211; Bouquet Bouygues avec NETFLIX<\/p>\n<p>&#8211; Lit Double confortable<\/p>\n<p>&#8211; Table de Repas<\/p>\n<p>&#8211; Lave-linge et s\u00e8che-linge<\/p>\n<p>&#8211; Lave-vaisselle<\/p>\n<p>&#8211; Table et fer \u00e0 repasser<\/p>\n<p>&#8211; Lit Parapluie et chaise haute (enfant de moins de 2 ans)<\/p>\n<p><strong>Situation G\u00e9ographique :<\/strong><\/p>\n<p>-50m des transports en communs pour rayonner sur Reims et son agglom\u00e9ration.<\/p>\n<p>-En acc\u00e8s direct : Carrefour market, Bars, Restaurants, banques, parc, H\u00f4tel de Ville, Basilique Saint-R\u00e9mi, Cath\u00e9drale de Reims, cave des champagnes&#8230;<\/p>\n<p>-La cath\u00e9drale de Reims et la maison de Champagne Taittinger sont \u00e0 10 min \u00e0 pied<\/p>\n<p>-Profitez de notre itin\u00e9raire de visite sous forme de plan pour ne pas manquer les essentiels de Reims ainsi que les lieux moins connus appr\u00e9ci\u00e9s des R\u00e9mois, fournis dans notre guide d&rsquo;accueil.<\/p>\n<p>Stationnement et Acc\u00e8s :<\/p>\n<p>-Non accessible aux personnes handicap\u00e9es<\/p>\n<p>&#8211; Appartement au RDC<\/p>\n<p>-50 m de l\u2019arr\u00eat de bus<\/p>\n<p>-Stationnement payant dans la rue (il y a quasiment toujours de la place)<\/p>\n<p>-500m du Parking gratuit (sinon possibilit\u00e9 de se garer gratuitement sur le parking du Carrefour Market\u00a0 la journ\u00e9e entre 8h et 20h si les barri\u00e8res sont lev\u00e9s)<\/p>\n<p>Je parle Anglais.<\/p>\n<p><strong>R\u00e8glement int\u00e9rieur<\/strong><\/p>\n<p>Non-fumeur<\/p>\n<p>Ne convient pas aux animaux<\/p>\n<p>Pas de f\u00eate ni de soir\u00e9e<\/p>\n<p><a href=\"http:\/\/apparthotel-reims-artdeco.com\/?page_id=137\" target=\"_blank\" rel=\"noopener noreferrer\"><strong>RESERVER<\/strong><\/a><\/p>\n<p>&nbsp;<\/p>\n<p>&#8211;Caution demand\u00e9e : 500 \u20ac (empreinte bancaire le jour du Check-in, non d\u00e9bit\u00e9e)<\/p>\n<p>&#8211;S\u00e9jour minimum de 1 nuit<\/p>\n<p>&#8211;Le logement est non-fumeur. (Pour les fumeurs, vous disposez d&rsquo;une cour au RDC ou la terrasse)<\/p>\n<p>&#8211;Merci de laisser l&rsquo;appartement dans l&rsquo;\u00e9tat o\u00f9 vous l&rsquo;avez trouv\u00e9<\/p>\n<p>&#8211;Les fen\u00eatres doivent \u00eatre ferm\u00e9es lorsque vous sortez<\/p>\n<p>&#8211;En cas de soucis avec les \u00e9quipements, merci de nous faire part de tout dysfonctionnement.<\/p>\n<p>&#8211;Le m\u00e9nage ne comprend pas la vaisselle.<\/p>\n","protected":false},"excerpt":{"rendered":"<p>Les atouts du Art D\u00e9co Champagne &amp; Spa sont avant tout le Calme, le Bien-\u00eatre et le Confort. Cet appartement est id\u00e9alement situ\u00e9 en centre-ville dans une rue tr\u00e8s commer\u00e7ante \u00e0 quelques minutes \u00e0 pied de la cath\u00e9drale Notre Dame, du centre historique et des maisons de champagne. L&#8217;emplacement id\u00e9al pour vos vacances ou voyages [&hellip;]<\/p>\n","protected":false},"author":1,"featured_media":0,"parent":0,"menu_order":0,"comment_status":"closed","ping_status":"closed","template":"","meta":{"footnotes":""},"class_list":["post-45","page","type-page","status-publish","hentry","post-preview"],"yoast_head":"<!-- This site is optimized with the Yoast SEO plugin v23.5 - https:\/\/yoast.com\/wordpress\/plugins\/seo\/ -->\n<title>Art D\u00e9co Champagne &amp; Spa 2p - Apparth\u00f4tel-reims-artdeco Meubl\u00e9s de Tourisme Appart&#039;h\u00f4tel \u00e0 Reims - Calme et confort<\/title>\n<meta name=\"description\" content=\"Les atouts du Art D\u00e9co Champagne &amp; Spa sont avant tout le Calme, le Bien-\u00eatre et le Confort. Meubl\u00e9s de Tourisme Appart&#039;H\u00f4tel \u00e0 Reims : Pour vos vacances ou voyages d&#039;affaire, les Appart&#039;H\u00f4tel de Reims sont la solution id\u00e9ale.\" \/>\n<meta name=\"robots\" content=\"index, follow, max-snippet:-1, max-image-preview:large, max-video-preview:-1\" \/>\n<link rel=\"canonical\" href=\"https:\/\/apparthotel-reims-artdeco.com\/?page_id=45\" \/>\n<meta property=\"og:locale\" content=\"fr_FR\" \/>\n<meta property=\"og:type\" content=\"article\" \/>\n<meta property=\"og:title\" content=\"Art D\u00e9co Champagne &amp; Spa 2p - Apparth\u00f4tel-reims-artdeco Meubl\u00e9s de Tourisme Appart&#039;h\u00f4tel \u00e0 Reims - Calme et confort\" \/>\n<meta property=\"og:description\" content=\"Les atouts du Art D\u00e9co Champagne &amp; Spa sont avant tout le Calme, le Bien-\u00eatre et le Confort. Meubl\u00e9s de Tourisme Appart&#039;H\u00f4tel \u00e0 Reims : Pour vos vacances ou voyages d&#039;affaire, les Appart&#039;H\u00f4tel de Reims sont la solution id\u00e9ale.\" \/>\n<meta property=\"og:url\" content=\"https:\/\/apparthotel-reims-artdeco.com\/?page_id=45\" \/>\n<meta property=\"og:site_name\" content=\"Apparth\u00f4tel-reims-artdeco\" \/>\n<meta property=\"article:modified_time\" content=\"2024-03-21T15:57:10+00:00\" \/>\n<meta name=\"twitter:card\" content=\"summary_large_image\" \/>\n<meta name=\"twitter:label1\" content=\"Dur\u00e9e de lecture estim\u00e9e\" \/>\n\t<meta name=\"twitter:data1\" content=\"4 minutes\" \/>\n<script type=\"application\/ld+json\" class=\"yoast-schema-graph\">{\"@context\":\"https:\/\/schema.org\",\"@graph\":[{\"@type\":\"WebPage\",\"@id\":\"https:\/\/apparthotel-reims-artdeco.com\/?page_id=45\",\"url\":\"https:\/\/apparthotel-reims-artdeco.com\/?page_id=45\",\"name\":\"Art D\u00e9co Champagne & Spa 2p - Apparth\u00f4tel-reims-artdeco Meubl\u00e9s de Tourisme Appart'h\u00f4tel \u00e0 Reims - Calme et confort\",\"isPartOf\":{\"@id\":\"https:\/\/apparthotel-reims-artdeco.com\/#website\"},\"datePublished\":\"2020-07-17T13:48:04+00:00\",\"dateModified\":\"2024-03-21T15:57:10+00:00\",\"description\":\"Les atouts du Art D\u00e9co Champagne & Spa sont avant tout le Calme, le Bien-\u00eatre et le Confort. Meubl\u00e9s de Tourisme Appart'H\u00f4tel \u00e0 Reims : Pour vos vacances ou voyages d'affaire, les Appart'H\u00f4tel de Reims sont la solution id\u00e9ale.\",\"breadcrumb\":{\"@id\":\"https:\/\/apparthotel-reims-artdeco.com\/?page_id=45#breadcrumb\"},\"inLanguage\":\"fr-FR\",\"potentialAction\":[{\"@type\":\"ReadAction\",\"target\":[\"https:\/\/apparthotel-reims-artdeco.com\/?page_id=45\"]}]},{\"@type\":\"BreadcrumbList\",\"@id\":\"https:\/\/apparthotel-reims-artdeco.com\/?page_id=45#breadcrumb\",\"itemListElement\":[{\"@type\":\"ListItem\",\"position\":1,\"name\":\"Accueil\",\"item\":\"https:\/\/apparthotel-reims-artdeco.com\/\"},{\"@type\":\"ListItem\",\"position\":2,\"name\":\"Art D\u00e9co Champagne &#038; Spa 2p\"}]},{\"@type\":\"WebSite\",\"@id\":\"https:\/\/apparthotel-reims-artdeco.com\/#website\",\"url\":\"https:\/\/apparthotel-reims-artdeco.com\/\",\"name\":\"Apparth\u00f4tel-reims-artdeco\",\"description\":\"Une exp\u00e9rience unique pour vos s\u00e9jours \u00e0 reims\",\"potentialAction\":[{\"@type\":\"SearchAction\",\"target\":{\"@type\":\"EntryPoint\",\"urlTemplate\":\"https:\/\/apparthotel-reims-artdeco.com\/?s={search_term_string}\"},\"query-input\":{\"@type\":\"PropertyValueSpecification\",\"valueRequired\":true,\"valueName\":\"search_term_string\"}}],\"inLanguage\":\"fr-FR\"}]}<\/script>\n<!-- \/ Yoast SEO plugin. -->","yoast_head_json":{"title":"Art D\u00e9co Champagne & Spa 2p - Apparth\u00f4tel-reims-artdeco Meubl\u00e9s de Tourisme Appart'h\u00f4tel \u00e0 Reims - Calme et confort","description":"Les atouts du Art D\u00e9co Champagne & Spa sont avant tout le Calme, le Bien-\u00eatre et le Confort. Meubl\u00e9s de Tourisme Appart'H\u00f4tel \u00e0 Reims : Pour vos vacances ou voyages d'affaire, les Appart'H\u00f4tel de Reims sont la solution id\u00e9ale.","robots":{"index":"index","follow":"follow","max-snippet":"max-snippet:-1","max-image-preview":"max-image-preview:large","max-video-preview":"max-video-preview:-1"},"canonical":"https:\/\/apparthotel-reims-artdeco.com\/?page_id=45","og_locale":"fr_FR","og_type":"article","og_title":"Art D\u00e9co Champagne & Spa 2p - Apparth\u00f4tel-reims-artdeco Meubl\u00e9s de Tourisme Appart'h\u00f4tel \u00e0 Reims - Calme et confort","og_description":"Les atouts du Art D\u00e9co Champagne & Spa sont avant tout le Calme, le Bien-\u00eatre et le Confort. Meubl\u00e9s de Tourisme Appart'H\u00f4tel \u00e0 Reims : Pour vos vacances ou voyages d'affaire, les Appart'H\u00f4tel de Reims sont la solution id\u00e9ale.","og_url":"https:\/\/apparthotel-reims-artdeco.com\/?page_id=45","og_site_name":"Apparth\u00f4tel-reims-artdeco","article_modified_time":"2024-03-21T15:57:10+00:00","twitter_card":"summary_large_image","twitter_misc":{"Dur\u00e9e de lecture estim\u00e9e":"4 minutes"},"schema":{"@context":"https:\/\/schema.org","@graph":[{"@type":"WebPage","@id":"https:\/\/apparthotel-reims-artdeco.com\/?page_id=45","url":"https:\/\/apparthotel-reims-artdeco.com\/?page_id=45","name":"Art D\u00e9co Champagne & Spa 2p - Apparth\u00f4tel-reims-artdeco Meubl\u00e9s de Tourisme Appart'h\u00f4tel \u00e0 Reims - Calme et confort","isPartOf":{"@id":"https:\/\/apparthotel-reims-artdeco.com\/#website"},"datePublished":"2020-07-17T13:48:04+00:00","dateModified":"2024-03-21T15:57:10+00:00","description":"Les atouts du Art D\u00e9co Champagne & Spa sont avant tout le Calme, le Bien-\u00eatre et le Confort. Meubl\u00e9s de Tourisme Appart'H\u00f4tel \u00e0 Reims : Pour vos vacances ou voyages d'affaire, les Appart'H\u00f4tel de Reims sont la solution id\u00e9ale.","breadcrumb":{"@id":"https:\/\/apparthotel-reims-artdeco.com\/?page_id=45#breadcrumb"},"inLanguage":"fr-FR","potentialAction":[{"@type":"ReadAction","target":["https:\/\/apparthotel-reims-artdeco.com\/?page_id=45"]}]},{"@type":"BreadcrumbList","@id":"https:\/\/apparthotel-reims-artdeco.com\/?page_id=45#breadcrumb","itemListElement":[{"@type":"ListItem","position":1,"name":"Accueil","item":"https:\/\/apparthotel-reims-artdeco.com\/"},{"@type":"ListItem","position":2,"name":"Art D\u00e9co Champagne &#038; Spa 2p"}]},{"@type":"WebSite","@id":"https:\/\/apparthotel-reims-artdeco.com\/#website","url":"https:\/\/apparthotel-reims-artdeco.com\/","name":"Apparth\u00f4tel-reims-artdeco","description":"Une exp\u00e9rience unique pour vos s\u00e9jours \u00e0 reims","potentialAction":[{"@type":"SearchAction","target":{"@type":"EntryPoint","urlTemplate":"https:\/\/apparthotel-reims-artdeco.com\/?s={search_term_string}"},"query-input":{"@type":"PropertyValueSpecification","valueRequired":true,"valueName":"search_term_string"}}],"inLanguage":"fr-FR"}]}},"_links":{"self":[{"href":"https:\/\/apparthotel-reims-artdeco.com\/index.php?rest_route=\/wp\/v2\/pages\/45","targetHints":{"allow":["GET"]}}],"collection":[{"href":"https:\/\/apparthotel-reims-artdeco.com\/index.php?rest_route=\/wp\/v2\/pages"}],"about":[{"href":"https:\/\/apparthotel-reims-artdeco.com\/index.php?rest_route=\/wp\/v2\/types\/page"}],"author":[{"embeddable":true,"href":"https:\/\/apparthotel-reims-artdeco.com\/index.php?rest_route=\/wp\/v2\/users\/1"}],"replies":[{"embeddable":true,"href":"https:\/\/apparthotel-reims-artdeco.com\/index.php?rest_route=%2Fwp%2Fv2%2Fcomments&post=45"}],"version-history":[{"count":14,"href":"https:\/\/apparthotel-reims-artdeco.com\/index.php?rest_route=\/wp\/v2\/pages\/45\/revisions"}],"predecessor-version":[{"id":316,"href":"https:\/\/apparthotel-reims-artdeco.com\/index.php?rest_route=\/wp\/v2\/pages\/45\/revisions\/316"}],"wp:attachment":[{"href":"https:\/\/apparthotel-reims-artdeco.com\/index.php?rest_route=%2Fwp%2Fv2%2Fmedia&parent=45"}],"curies":[{"name":"wp","href":"https:\/\/api.w.org\/{rel}","templated":true}]}}