{"id":137,"date":"2020-07-20T17:12:19","date_gmt":"2020-07-20T15:12:19","guid":{"rendered":"http:\/\/apparthotel-reims-artdeco.com\/?page_id=137"},"modified":"2023-11-06T11:55:21","modified_gmt":"2023-11-06T10:55:21","slug":"reserver","status":"publish","type":"page","link":"https:\/\/apparthotel-reims-artdeco.com\/?page_id=137","title":{"rendered":"R\u00e9server"},"content":{"rendered":"<p><img loading=\"lazy\" decoding=\"async\" class=\"alignnone size-full wp-image-138\" src=\"http:\/\/apparthotel-reims-artdeco.com\/wp-content\/uploads\/2020\/07\/beds24.jpg\" alt=\"\" width=\"300\" height=\"147\" \/><\/p>\n<p><!-- bookingWidget requires jQuery and jQueryUI --><br \/>\n<!-- Include the following line ONCE ONLY on the page, preferably in the document head --><br \/>\n<script src='https:\/\/media.xmlcal.com\/widget\/1.00\/js\/bookWidget.min.js'><\/script><\/p>\n<p><!-- Place this div on your page where you want the widget to show --><\/p>\n<div id=\"bookWidget-64381-0-0-1699266195\"><\/div>\n<p><!-- The following will initialize the widget in the above div --><br \/>\n<script>\njQuery(document).ready(function() {\n\tjQuery('#bookWidget-64381-0-0-1699266195').bookWidget({\n\t\townerid:64381,\n\t\tdateFormat:'dd\/mm\/yy',\n\t\tdateSelection:2,\n\t\tdefaultNightsAdvance:1,\n\t\tdefaultNumAdult:2,\n\t\tdefaultNumNight:1,\n\t\tformAction:'https:\/\/beds24.com\/booking.php',\n\t\tformTarget:'bookingWindow',\n\t\tmaxAdult:2,\n\t\tpeopleSelection:1,\n\t\tweekFirstDay:1,\n\t\twidgetLang:'fr',\n\t\twidgetType:'BookingBoxMini'\n\t});\n});\n<\/script><\/p>\n<p>&nbsp;<\/p>\n<p>Art D\u00e9co Champagne &amp; Spa<\/p>\n<ul>\n<li>Tarif standard : 145 \u20ac seulement par nuit la semaine et 185 \u20ac le weekend (les prix peuvent vari\u00e9s selon la saison)<\/li>\n<li>Caution de 300 \u20ac par s\u00e9jour (encaissement d\u00e9pendant uniquement de la casse occasionn\u00e9e)<\/li>\n<li>Pr\u00e9-paiement \u00e0 la r\u00e9servation du montant du s\u00e9jour rembours\u00e9 int\u00e9gralement en cas d&rsquo;annulation au moins 20 jours avant la date d&rsquo;arriv\u00e9e.<\/li>\n<li>Frais de m\u00e9nage unique de 45 \u20ac par s\u00e9jour (ne comprend pas la cuisine)<\/li>\n<li>Taxes de S\u00e9jours de 5% par jour et par personne.<\/li>\n<li>Frais de services : 1%<\/li>\n<\/ul>\n<p>Art D\u00e9co Gare &amp; Spa<\/p>\n<ul>\n<li>Tarif standard : 145 \u20ac seulement par nuit la semaine et 185 \u20ac le weekend (les prix peuvent varier selon la saison)<\/li>\n<li>Caution de 300 \u20ac par s\u00e9jour (encaissement d\u00e9pendant uniquement de la casse occasionn\u00e9e)<\/li>\n<li>Pr\u00e9-paiement \u00e0 la r\u00e9servation du montant du s\u00e9jour rembours\u00e9 int\u00e9gralement en cas d&rsquo;annulation au moins 20 jours avant la date d&rsquo;arriv\u00e9e.<\/li>\n<li>Frais de m\u00e9nage unique de 45 \u20ac par s\u00e9jour (ne comprend pas la cuisine)<\/li>\n<li>Taxes de S\u00e9jours de 5% par jour et par personne.<\/li>\n<li>Frais de services : 1%<\/li>\n<\/ul>\n<p>Art D\u00e9co Lesage &amp; Spa<\/p>\n<ul>\n<li>Tarif standard : 155 \u20ac seulement par nuit la semaine et 195 \u20ac le weekend (les prix peuvent vari\u00e9s selon la saison)<\/li>\n<li>Caution de 500 \u20ac par s\u00e9jour (encaissement d\u00e9pendant uniquement de la casse occasionn\u00e9e)<\/li>\n<li>Pr\u00e9-paiement \u00e0 la r\u00e9servation du montant du s\u00e9jour rembours\u00e9 int\u00e9gralement en cas d&rsquo;annulation au moins 20 jours avant la date d&rsquo;arriv\u00e9e.<\/li>\n<li>Frais de m\u00e9nage unique de 45 \u20ac par s\u00e9jour (ne comprend pas la cuisine)<\/li>\n<li>Taxes de S\u00e9jours de 5% par jour et par personne.<\/li>\n<li>Frais de services : 1%<\/li>\n<\/ul>\n<p>&nbsp;<\/p>\n<ul>\n<li>Des questions utilisez le formulaire \u00ab\u00a0<a href=\"http:\/\/apparthotel-reims-artdeco.com\/?page_id=104\" target=\"_blank\" rel=\"noopener noreferrer\">Contact<\/a>\u00ab\u00a0<\/li>\n<\/ul>\n","protected":false},"excerpt":{"rendered":"<p>&nbsp; Art D\u00e9co Champagne &amp; Spa Tarif standard : 145 \u20ac seulement par nuit la semaine et 185 \u20ac le weekend (les prix peuvent vari\u00e9s selon la saison) Caution de 300 \u20ac par s\u00e9jour (encaissement d\u00e9pendant uniquement de la casse occasionn\u00e9e) Pr\u00e9-paiement \u00e0 la r\u00e9servation du montant du s\u00e9jour rembours\u00e9 int\u00e9gralement en cas d&rsquo;annulation au [&hellip;]<\/p>\n","protected":false},"author":1,"featured_media":0,"parent":0,"menu_order":0,"comment_status":"closed","ping_status":"closed","template":"","meta":{"footnotes":""},"class_list":["post-137","page","type-page","status-publish","hentry","post-preview"],"yoast_head":"<!-- This site is optimized with the Yoast SEO plugin v23.5 - https:\/\/yoast.com\/wordpress\/plugins\/seo\/ -->\n<title>R\u00e9server - Apparth\u00f4tel-reims-artdeco<\/title>\n<meta name=\"robots\" content=\"index, follow, max-snippet:-1, max-image-preview:large, max-video-preview:-1\" \/>\n<link rel=\"canonical\" href=\"https:\/\/apparthotel-reims-artdeco.com\/?page_id=137\" \/>\n<meta property=\"og:locale\" content=\"fr_FR\" \/>\n<meta property=\"og:type\" content=\"article\" \/>\n<meta property=\"og:title\" content=\"R\u00e9server - Apparth\u00f4tel-reims-artdeco\" \/>\n<meta property=\"og:description\" content=\"&nbsp; Art D\u00e9co Champagne &amp; Spa Tarif standard : 145 \u20ac seulement par nuit la semaine et 185 \u20ac le weekend (les prix peuvent vari\u00e9s selon la saison) Caution de 300 \u20ac par s\u00e9jour (encaissement d\u00e9pendant uniquement de la casse occasionn\u00e9e) Pr\u00e9-paiement \u00e0 la r\u00e9servation du montant du s\u00e9jour rembours\u00e9 int\u00e9gralement en cas d&rsquo;annulation au [&hellip;]\" \/>\n<meta property=\"og:url\" content=\"https:\/\/apparthotel-reims-artdeco.com\/?page_id=137\" \/>\n<meta property=\"og:site_name\" content=\"Apparth\u00f4tel-reims-artdeco\" \/>\n<meta property=\"article:modified_time\" content=\"2023-11-06T10:55:21+00:00\" \/>\n<meta property=\"og:image\" content=\"http:\/\/apparthotel-reims-artdeco.com\/wp-content\/uploads\/2020\/07\/beds24.jpg\" \/>\n<meta name=\"twitter:card\" content=\"summary_large_image\" \/>\n<meta name=\"twitter:label1\" content=\"Dur\u00e9e de lecture estim\u00e9e\" \/>\n\t<meta name=\"twitter:data1\" content=\"2 minutes\" \/>\n<script type=\"application\/ld+json\" class=\"yoast-schema-graph\">{\"@context\":\"https:\/\/schema.org\",\"@graph\":[{\"@type\":\"WebPage\",\"@id\":\"https:\/\/apparthotel-reims-artdeco.com\/?page_id=137\",\"url\":\"https:\/\/apparthotel-reims-artdeco.com\/?page_id=137\",\"name\":\"R\u00e9server - Apparth\u00f4tel-reims-artdeco\",\"isPartOf\":{\"@id\":\"https:\/\/apparthotel-reims-artdeco.com\/#website\"},\"primaryImageOfPage\":{\"@id\":\"https:\/\/apparthotel-reims-artdeco.com\/?page_id=137#primaryimage\"},\"image\":{\"@id\":\"https:\/\/apparthotel-reims-artdeco.com\/?page_id=137#primaryimage\"},\"thumbnailUrl\":\"http:\/\/apparthotel-reims-artdeco.com\/wp-content\/uploads\/2020\/07\/beds24.jpg\",\"datePublished\":\"2020-07-20T15:12:19+00:00\",\"dateModified\":\"2023-11-06T10:55:21+00:00\",\"breadcrumb\":{\"@id\":\"https:\/\/apparthotel-reims-artdeco.com\/?page_id=137#breadcrumb\"},\"inLanguage\":\"fr-FR\",\"potentialAction\":[{\"@type\":\"ReadAction\",\"target\":[\"https:\/\/apparthotel-reims-artdeco.com\/?page_id=137\"]}]},{\"@type\":\"ImageObject\",\"inLanguage\":\"fr-FR\",\"@id\":\"https:\/\/apparthotel-reims-artdeco.com\/?page_id=137#primaryimage\",\"url\":\"https:\/\/apparthotel-reims-artdeco.com\/wp-content\/uploads\/2020\/07\/beds24.jpg\",\"contentUrl\":\"https:\/\/apparthotel-reims-artdeco.com\/wp-content\/uploads\/2020\/07\/beds24.jpg\",\"width\":300,\"height\":147},{\"@type\":\"BreadcrumbList\",\"@id\":\"https:\/\/apparthotel-reims-artdeco.com\/?page_id=137#breadcrumb\",\"itemListElement\":[{\"@type\":\"ListItem\",\"position\":1,\"name\":\"Accueil\",\"item\":\"https:\/\/apparthotel-reims-artdeco.com\/\"},{\"@type\":\"ListItem\",\"position\":2,\"name\":\"R\u00e9server\"}]},{\"@type\":\"WebSite\",\"@id\":\"https:\/\/apparthotel-reims-artdeco.com\/#website\",\"url\":\"https:\/\/apparthotel-reims-artdeco.com\/\",\"name\":\"Apparth\u00f4tel-reims-artdeco\",\"description\":\"Une exp\u00e9rience unique pour vos s\u00e9jours \u00e0 reims\",\"potentialAction\":[{\"@type\":\"SearchAction\",\"target\":{\"@type\":\"EntryPoint\",\"urlTemplate\":\"https:\/\/apparthotel-reims-artdeco.com\/?s={search_term_string}\"},\"query-input\":{\"@type\":\"PropertyValueSpecification\",\"valueRequired\":true,\"valueName\":\"search_term_string\"}}],\"inLanguage\":\"fr-FR\"}]}<\/script>\n<!-- \/ Yoast SEO plugin. -->","yoast_head_json":{"title":"R\u00e9server - Apparth\u00f4tel-reims-artdeco","robots":{"index":"index","follow":"follow","max-snippet":"max-snippet:-1","max-image-preview":"max-image-preview:large","max-video-preview":"max-video-preview:-1"},"canonical":"https:\/\/apparthotel-reims-artdeco.com\/?page_id=137","og_locale":"fr_FR","og_type":"article","og_title":"R\u00e9server - Apparth\u00f4tel-reims-artdeco","og_description":"&nbsp; Art D\u00e9co Champagne &amp; Spa Tarif standard : 145 \u20ac seulement par nuit la semaine et 185 \u20ac le weekend (les prix peuvent vari\u00e9s selon la saison) Caution de 300 \u20ac par s\u00e9jour (encaissement d\u00e9pendant uniquement de la casse occasionn\u00e9e) Pr\u00e9-paiement \u00e0 la r\u00e9servation du montant du s\u00e9jour rembours\u00e9 int\u00e9gralement en cas d&rsquo;annulation au [&hellip;]","og_url":"https:\/\/apparthotel-reims-artdeco.com\/?page_id=137","og_site_name":"Apparth\u00f4tel-reims-artdeco","article_modified_time":"2023-11-06T10:55:21+00:00","og_image":[{"url":"http:\/\/apparthotel-reims-artdeco.com\/wp-content\/uploads\/2020\/07\/beds24.jpg"}],"twitter_card":"summary_large_image","twitter_misc":{"Dur\u00e9e de lecture estim\u00e9e":"2 minutes"},"schema":{"@context":"https:\/\/schema.org","@graph":[{"@type":"WebPage","@id":"https:\/\/apparthotel-reims-artdeco.com\/?page_id=137","url":"https:\/\/apparthotel-reims-artdeco.com\/?page_id=137","name":"R\u00e9server - Apparth\u00f4tel-reims-artdeco","isPartOf":{"@id":"https:\/\/apparthotel-reims-artdeco.com\/#website"},"primaryImageOfPage":{"@id":"https:\/\/apparthotel-reims-artdeco.com\/?page_id=137#primaryimage"},"image":{"@id":"https:\/\/apparthotel-reims-artdeco.com\/?page_id=137#primaryimage"},"thumbnailUrl":"http:\/\/apparthotel-reims-artdeco.com\/wp-content\/uploads\/2020\/07\/beds24.jpg","datePublished":"2020-07-20T15:12:19+00:00","dateModified":"2023-11-06T10:55:21+00:00","breadcrumb":{"@id":"https:\/\/apparthotel-reims-artdeco.com\/?page_id=137#breadcrumb"},"inLanguage":"fr-FR","potentialAction":[{"@type":"ReadAction","target":["https:\/\/apparthotel-reims-artdeco.com\/?page_id=137"]}]},{"@type":"ImageObject","inLanguage":"fr-FR","@id":"https:\/\/apparthotel-reims-artdeco.com\/?page_id=137#primaryimage","url":"https:\/\/apparthotel-reims-artdeco.com\/wp-content\/uploads\/2020\/07\/beds24.jpg","contentUrl":"https:\/\/apparthotel-reims-artdeco.com\/wp-content\/uploads\/2020\/07\/beds24.jpg","width":300,"height":147},{"@type":"BreadcrumbList","@id":"https:\/\/apparthotel-reims-artdeco.com\/?page_id=137#breadcrumb","itemListElement":[{"@type":"ListItem","position":1,"name":"Accueil","item":"https:\/\/apparthotel-reims-artdeco.com\/"},{"@type":"ListItem","position":2,"name":"R\u00e9server"}]},{"@type":"WebSite","@id":"https:\/\/apparthotel-reims-artdeco.com\/#website","url":"https:\/\/apparthotel-reims-artdeco.com\/","name":"Apparth\u00f4tel-reims-artdeco","description":"Une exp\u00e9rience unique pour vos s\u00e9jours \u00e0 reims","potentialAction":[{"@type":"SearchAction","target":{"@type":"EntryPoint","urlTemplate":"https:\/\/apparthotel-reims-artdeco.com\/?s={search_term_string}"},"query-input":{"@type":"PropertyValueSpecification","valueRequired":true,"valueName":"search_term_string"}}],"inLanguage":"fr-FR"}]}},"_links":{"self":[{"href":"https:\/\/apparthotel-reims-artdeco.com\/index.php?rest_route=\/wp\/v2\/pages\/137","targetHints":{"allow":["GET"]}}],"collection":[{"href":"https:\/\/apparthotel-reims-artdeco.com\/index.php?rest_route=\/wp\/v2\/pages"}],"about":[{"href":"https:\/\/apparthotel-reims-artdeco.com\/index.php?rest_route=\/wp\/v2\/types\/page"}],"author":[{"embeddable":true,"href":"https:\/\/apparthotel-reims-artdeco.com\/index.php?rest_route=\/wp\/v2\/users\/1"}],"replies":[{"embeddable":true,"href":"https:\/\/apparthotel-reims-artdeco.com\/index.php?rest_route=%2Fwp%2Fv2%2Fcomments&post=137"}],"version-history":[{"count":13,"href":"https:\/\/apparthotel-reims-artdeco.com\/index.php?rest_route=\/wp\/v2\/pages\/137\/revisions"}],"predecessor-version":[{"id":308,"href":"https:\/\/apparthotel-reims-artdeco.com\/index.php?rest_route=\/wp\/v2\/pages\/137\/revisions\/308"}],"wp:attachment":[{"href":"https:\/\/apparthotel-reims-artdeco.com\/index.php?rest_route=%2Fwp%2Fv2%2Fmedia&parent=137"}],"curies":[{"name":"wp","href":"https:\/\/api.w.org\/{rel}","templated":true}]}}